{"id":3070,"date":"2024-03-04T14:56:32","date_gmt":"2024-03-04T14:56:32","guid":{"rendered":"https:\/\/robia.now-ever.at\/?page_id=3070"},"modified":"2026-03-10T11:56:37","modified_gmt":"2026-03-10T11:56:37","slug":"impressum","status":"publish","type":"page","link":"https:\/\/robia-boeden.at\/en\/impressum\/","title":{"rendered":"Imprint"},"content":{"rendered":"<div data-elementor-type=\"wp-page\" data-elementor-id=\"3070\" class=\"elementor elementor-3070\" data-elementor-post-type=\"page\">\n\t\t\t\t<div class=\"elementor-element elementor-element-062c2e2 e-flex e-con-boxed e-con e-parent\" data-id=\"062c2e2\" data-element_type=\"container\">\n\t\t\t\t\t<div class=\"e-con-inner\">\n\t\t\t\t<div class=\"elementor-element elementor-element-eb752e8 elementor-widget__width-initial elementor-widget-mobile__width-inherit elementor-widget elementor-widget-heading\" data-id=\"eb752e8\" data-element_type=\"widget\" data-widget_type=\"heading.default\">\n\t\t\t\t<div class=\"elementor-widget-container\">\n\t\t\t<style>\/*! elementor - v3.23.0 - 05-08-2024 *\/\n.elementor-heading-title{padding:0;margin:0;line-height:1}.elementor-widget-heading .elementor-heading-title[class*=elementor-size-]>a{color:inherit;font-size:inherit;line-height:inherit}.elementor-widget-heading .elementor-heading-title.elementor-size-small{font-size:15px}.elementor-widget-heading .elementor-heading-title.elementor-size-medium{font-size:19px}.elementor-widget-heading .elementor-heading-title.elementor-size-large{font-size:29px}.elementor-widget-heading .elementor-heading-title.elementor-size-xl{font-size:39px}.elementor-widget-heading .elementor-heading-title.elementor-size-xxl{font-size:59px}<\/style><h1 class=\"elementor-heading-title elementor-size-default\">Imprint<\/h1>\t\t<\/div>\n\t\t\t\t<\/div>\n\t\t\t\t<div class=\"elementor-element elementor-element-482773a elementor-widget elementor-widget-text-editor\" data-id=\"482773a\" data-element_type=\"widget\" data-widget_type=\"text-editor.default\">\n\t\t\t\t<div class=\"elementor-widget-container\">\n\t\t\t<style>\/*! elementor - v3.23.0 - 05-08-2024 *\/\n.elementor-widget-text-editor.elementor-drop-cap-view-stacked .elementor-drop-cap{background-color:#69727d;color:#fff}.elementor-widget-text-editor.elementor-drop-cap-view-framed .elementor-drop-cap{color:#69727d;border:3px solid;background-color:transparent}.elementor-widget-text-editor:not(.elementor-drop-cap-view-default) .elementor-drop-cap{margin-top:8px}.elementor-widget-text-editor:not(.elementor-drop-cap-view-default) .elementor-drop-cap-letter{width:1em;height:1em}.elementor-widget-text-editor .elementor-drop-cap{float:left;text-align:center;line-height:1;font-size:50px}.elementor-widget-text-editor .elementor-drop-cap-letter{display:inline-block}<\/style>\t\t\t\t<p class=\"paragraph-97 translation-block\">Mandatory information according to \u00a75 E-Commerce Act, \u00a714 Commercial Code, <br>\u00a763 Trade\nRegulation Act, and disclosure obligation according to \u00a725 Media Act.<\/p>\t\t\t\t\t\t<\/div>\n\t\t\t\t<\/div>\n\t\t\t\t\t<\/div>\n\t\t\t\t<\/div>\n\t\t<div class=\"elementor-element elementor-element-ba5e06e e-flex e-con-boxed e-con e-parent\" data-id=\"ba5e06e\" data-element_type=\"container\">\n\t\t\t\t\t<div class=\"e-con-inner\">\n\t\t<div class=\"elementor-element elementor-element-53d7130 e-flex e-con-boxed e-con e-child\" data-id=\"53d7130\" data-element_type=\"container\">\n\t\t\t\t\t<div class=\"e-con-inner\">\n\t\t<div class=\"elementor-element elementor-element-a125093 e-con-full e-flex e-con e-child\" data-id=\"a125093\" data-element_type=\"container\">\n\t\t\t\t<div class=\"elementor-element elementor-element-7a7a320 elementor-widget__width-initial elementor-widget-mobile__width-initial elementor-widget-tablet__width-inherit elementor-widget elementor-widget-text-editor\" data-id=\"7a7a320\" data-element_type=\"widget\" data-widget_type=\"text-editor.default\">\n\t\t\t\t<div class=\"elementor-widget-container\">\n\t\t\t\t\t\t\t<p><strong>ROBIA GmbH &amp; Co KG<\/strong><br \/>Blumauweg 32 | A-8530 Deutschlandsberg<br \/><a href=\"tel:00436644459045\">+43 664 44 59 045<\/a> | <a href=\"mailto:robia@robia-boeden.at\"><span style=\"text-decoration: underline;\">robia@robia-boeden.at<\/span><\/a><\/p><p class=\"paragraph-97\"><strong>VAT ID:<\/strong> ATU72286448<br \/><strong>Company Registration Number:<\/strong> FN 471149 t<\/p><p><strong>Managing directors:<\/strong><br \/>Christian Robia, Senior | Christian Wipfler, Junior<\/p><p><strong>Member of: <\/strong>WKSt, FG Gewerbe und Handwerk<\/p><p><span class=\"text-span-4\"><br \/>\u00a9<\/span>ROBIA GmbH &amp; Co KG<\/p>\t\t\t\t\t\t<\/div>\n\t\t\t\t<\/div>\n\t\t<div class=\"elementor-element elementor-element-99a04cb e-con-full e-flex e-con e-child\" data-id=\"99a04cb\" data-element_type=\"container\">\n\t\t\t\t<div class=\"elementor-element elementor-element-2ae1aea elementor-widget__width-initial elementor-widget-mobile__width-initial elementor-widget-tablet__width-inherit elementor-widget elementor-widget-text-editor\" data-id=\"2ae1aea\" data-element_type=\"widget\" data-widget_type=\"text-editor.default\">\n\t\t\t\t<div class=\"elementor-widget-container\">\n\t\t\t\t\t\t\t<p><strong>Design:<\/strong> <a class=\"text-link-pink\" href=\"https:\/\/werbelechner.at\/\" target=\"_blank\" rel=\"noopener\">werbelechner \u2013 Design &amp; Web<\/a><\/p><p><strong>Development:<\/strong> <a class=\"text-link-green\" href=\"https:\/\/now-ever.at\/\" target=\"_blank\" rel=\"noopener\">NOW&amp;EVER<\/a><\/p><p><strong>Photography:<\/strong> <a class=\"text-link-black\" href=\"https:\/\/verenakaiser.com\/\" target=\"_blank\" rel=\"noopener\">Verena Kaiser Fotografie<\/a>, <a href=\"https:\/\/www.kfm-marketing.com\/\" target=\"_blank\" rel=\"noopener\">KFM Marketing<\/a>, pexels, freepik, WSI AGENTUR &#8211; WESHOOTIT.COM<\/p><p><strong>Videos:<\/strong> <a class=\"text-link-black\" href=\"https:\/\/www.pentamedia.at\/\" target=\"_blank\" rel=\"noopener\">Pentamedia<\/a>, <a href=\"https:\/\/www.kfm-marketing.com\/\" target=\"_blank\" rel=\"noopener\">KFM Marketing<\/a>, WSI AGENTUR &#8211; WESHOOTIT.COM<\/p>\t\t\t\t\t\t<\/div>\n\t\t\t\t<\/div>\n\t\t\t\t<\/div>\n\t\t\t\t<\/div>\n\t\t\t\t\t<\/div>\n\t\t\t\t<\/div>\n\t\t\t\t\t<\/div>\n\t\t\t\t<\/div>\n\t\t\t\t<\/div>","protected":false},"excerpt":{"rendered":"<p>Impressum Infor\u00adma\u00adti\u00adons\u00adpflicht laut \u00a75 E-Commerce Gesetz, \u00a714 Unter\u00adneh\u00admens\u00adge\u00adsetz\u00adbuch,\u00a763 Gewer\u00adbe\u00adord\u00adnung und Offen\u00adle\u00adgungs\u00adpflicht laut \u00a725 Medi\u00aden\u00adge\u00adsetz. ROBIA GmbH &amp; Co KGBlumauweg 32 [&hellip;]<\/p>","protected":false},"author":3,"featured_media":0,"parent":0,"menu_order":0,"comment_status":"closed","ping_status":"closed","template":"","meta":{"site-sidebar-layout":"no-sidebar","site-content-layout":"","ast-site-content-layout":"full-width-container","site-content-style":"default","site-sidebar-style":"default","ast-global-header-display":"","ast-banner-title-visibility":"","ast-main-header-display":"","ast-hfb-above-header-display":"","ast-hfb-below-header-display":"","ast-hfb-mobile-header-display":"","site-post-title":"disabled","ast-breadcrumbs-content":"","ast-featured-img":"disabled","footer-sml-layout":"","theme-transparent-header-meta":"","adv-header-id-meta":"","stick-header-meta":"","header-above-stick-meta":"","header-main-stick-meta":"","header-below-stick-meta":"","astra-migrate-meta-layouts":"default","ast-page-background-enabled":"default","ast-page-background-meta":{"desktop":{"background-color":"var(--ast-global-color-4)","background-image":"","background-repeat":"repeat","background-position":"center center","background-size":"auto","background-attachment":"scroll","background-type":"","background-media":"","overlay-type":"","overlay-color":"","overlay-gradient":""},"tablet":{"background-color":"","background-image":"","background-repeat":"repeat","background-position":"center center","background-size":"auto","background-attachment":"scroll","background-type":"","background-media":"","overlay-type":"","overlay-color":"","overlay-gradient":""},"mobile":{"background-color":"","background-image":"","background-repeat":"repeat","background-position":"center center","background-size":"auto","background-attachment":"scroll","background-type":"","background-media":"","overlay-type":"","overlay-color":"","overlay-gradient":""}},"ast-content-background-meta":{"desktop":{"background-color":"var(--ast-global-color-5)","background-image":"","background-repeat":"repeat","background-position":"center center","background-size":"auto","background-attachment":"scroll","background-type":"","background-media":"","overlay-type":"","overlay-color":"","overlay-gradient":""},"tablet":{"background-color":"var(--ast-global-color-5)","background-image":"","background-repeat":"repeat","background-position":"center center","background-size":"auto","background-attachment":"scroll","background-type":"","background-media":"","overlay-type":"","overlay-color":"","overlay-gradient":""},"mobile":{"background-color":"var(--ast-global-color-5)","background-image":"","background-repeat":"repeat","background-position":"center center","background-size":"auto","background-attachment":"scroll","background-type":"","background-media":"","overlay-type":"","overlay-color":"","overlay-gradient":""}},"footnotes":""},"class_list":["post-3070","page","type-page","status-publish","hentry"],"yoast_head":"<!-- This site is optimized with the Yoast SEO plugin v24.4 - https:\/\/yoast.com\/wordpress\/plugins\/seo\/ -->\n<title>Impressum - ROBIA Impressum ROBIA B\u00f6den<\/title>\n<meta name=\"description\" content=\"Im Impressum finden Sie wichtige Informationen \u00fcber ROBIA B\u00f6den und ROBIA green.\" \/>\n<meta name=\"robots\" content=\"index, follow, max-snippet:-1, max-image-preview:large, max-video-preview:-1\" \/>\n<link rel=\"canonical\" href=\"https:\/\/robia-boeden.at\/en\/impressum\/\" \/>\n<meta property=\"og:locale\" content=\"en_GB\" \/>\n<meta property=\"og:type\" content=\"article\" \/>\n<meta property=\"og:title\" content=\"Impressum - ROBIA Impressum ROBIA B\u00f6den\" \/>\n<meta property=\"og:description\" content=\"Im Impressum finden Sie wichtige Informationen \u00fcber ROBIA B\u00f6den und ROBIA green.\" \/>\n<meta property=\"og:url\" content=\"https:\/\/robia-boeden.at\/en\/impressum\/\" \/>\n<meta property=\"og:site_name\" content=\"ROBIA\" \/>\n<meta property=\"article:publisher\" content=\"https:\/\/www.facebook.com\/RobiaBoeden\/\" \/>\n<meta property=\"article:modified_time\" content=\"2026-03-10T11:56:37+00:00\" \/>\n<meta name=\"twitter:card\" content=\"summary_large_image\" \/>\n<meta name=\"twitter:label1\" content=\"Estimated reading time\" \/>\n\t<meta name=\"twitter:data1\" content=\"1 minute\" \/>\n<script type=\"application\/ld+json\" class=\"yoast-schema-graph\">{\"@context\":\"https:\/\/schema.org\",\"@graph\":[{\"@type\":\"WebPage\",\"@id\":\"https:\/\/robia-boeden.at\/impressum\/\",\"url\":\"https:\/\/robia-boeden.at\/impressum\/\",\"name\":\"Impressum - ROBIA Impressum ROBIA B\u00f6den\",\"isPartOf\":{\"@id\":\"https:\/\/robia-boeden.at\/#website\"},\"datePublished\":\"2024-03-04T14:56:32+00:00\",\"dateModified\":\"2026-03-10T11:56:37+00:00\",\"description\":\"Im Impressum finden Sie wichtige Informationen \u00fcber ROBIA B\u00f6den und ROBIA green.\",\"breadcrumb\":{\"@id\":\"https:\/\/robia-boeden.at\/impressum\/#breadcrumb\"},\"inLanguage\":\"en-GB\",\"potentialAction\":[{\"@type\":\"ReadAction\",\"target\":[\"https:\/\/robia-boeden.at\/impressum\/\"]}]},{\"@type\":\"BreadcrumbList\",\"@id\":\"https:\/\/robia-boeden.at\/impressum\/#breadcrumb\",\"itemListElement\":[{\"@type\":\"ListItem\",\"position\":1,\"name\":\"Startseite\",\"item\":\"https:\/\/robia-boeden.at\/\"},{\"@type\":\"ListItem\",\"position\":2,\"name\":\"Impressum\"}]},{\"@type\":\"WebSite\",\"@id\":\"https:\/\/robia-boeden.at\/#website\",\"url\":\"https:\/\/robia-boeden.at\/\",\"name\":\"ROBIA\",\"description\":\"Ihr Experte f\u00fcr Kunststoffbodensanierung &amp; Bodenverlegung in \u00d6sterreich.\",\"potentialAction\":[{\"@type\":\"SearchAction\",\"target\":{\"@type\":\"EntryPoint\",\"urlTemplate\":\"https:\/\/robia-boeden.at\/?s={search_term_string}\"},\"query-input\":{\"@type\":\"PropertyValueSpecification\",\"valueRequired\":true,\"valueName\":\"search_term_string\"}}],\"inLanguage\":\"en-GB\"}]}<\/script>\n<!-- \/ Yoast SEO plugin. -->","yoast_head_json":{"title":"Impressum - ROBIA Impressum ROBIA B\u00f6den","description":"Im Impressum finden Sie wichtige Informationen \u00fcber ROBIA B\u00f6den und ROBIA green.","robots":{"index":"index","follow":"follow","max-snippet":"max-snippet:-1","max-image-preview":"max-image-preview:large","max-video-preview":"max-video-preview:-1"},"canonical":"https:\/\/robia-boeden.at\/en\/impressum\/","og_locale":"en_GB","og_type":"article","og_title":"Impressum - ROBIA Impressum ROBIA B\u00f6den","og_description":"Im Impressum finden Sie wichtige Informationen \u00fcber ROBIA B\u00f6den und ROBIA green.","og_url":"https:\/\/robia-boeden.at\/en\/impressum\/","og_site_name":"ROBIA","article_publisher":"https:\/\/www.facebook.com\/RobiaBoeden\/","article_modified_time":"2026-03-10T11:56:37+00:00","twitter_card":"summary_large_image","twitter_misc":{"Estimated reading time":"1 minute"},"schema":{"@context":"https:\/\/schema.org","@graph":[{"@type":"WebPage","@id":"https:\/\/robia-boeden.at\/impressum\/","url":"https:\/\/robia-boeden.at\/impressum\/","name":"Impressum - ROBIA Impressum ROBIA B\u00f6den","isPartOf":{"@id":"https:\/\/robia-boeden.at\/#website"},"datePublished":"2024-03-04T14:56:32+00:00","dateModified":"2026-03-10T11:56:37+00:00","description":"Im Impressum finden Sie wichtige Informationen \u00fcber ROBIA B\u00f6den und ROBIA green.","breadcrumb":{"@id":"https:\/\/robia-boeden.at\/impressum\/#breadcrumb"},"inLanguage":"en-GB","potentialAction":[{"@type":"ReadAction","target":["https:\/\/robia-boeden.at\/impressum\/"]}]},{"@type":"BreadcrumbList","@id":"https:\/\/robia-boeden.at\/impressum\/#breadcrumb","itemListElement":[{"@type":"ListItem","position":1,"name":"Startseite","item":"https:\/\/robia-boeden.at\/"},{"@type":"ListItem","position":2,"name":"Impressum"}]},{"@type":"WebSite","@id":"https:\/\/robia-boeden.at\/#website","url":"https:\/\/robia-boeden.at\/","name":"ROBIA","description":"Ihr Experte f\u00fcr Kunststoffbodensanierung &amp; Bodenverlegung in \u00d6sterreich.","potentialAction":[{"@type":"SearchAction","target":{"@type":"EntryPoint","urlTemplate":"https:\/\/robia-boeden.at\/?s={search_term_string}"},"query-input":{"@type":"PropertyValueSpecification","valueRequired":true,"valueName":"search_term_string"}}],"inLanguage":"en-GB"}]}},"_links":{"self":[{"href":"https:\/\/robia-boeden.at\/en\/wp-json\/wp\/v2\/pages\/3070","targetHints":{"allow":["GET"]}}],"collection":[{"href":"https:\/\/robia-boeden.at\/en\/wp-json\/wp\/v2\/pages"}],"about":[{"href":"https:\/\/robia-boeden.at\/en\/wp-json\/wp\/v2\/types\/page"}],"author":[{"embeddable":true,"href":"https:\/\/robia-boeden.at\/en\/wp-json\/wp\/v2\/users\/3"}],"replies":[{"embeddable":true,"href":"https:\/\/robia-boeden.at\/en\/wp-json\/wp\/v2\/comments?post=3070"}],"version-history":[{"count":20,"href":"https:\/\/robia-boeden.at\/en\/wp-json\/wp\/v2\/pages\/3070\/revisions"}],"predecessor-version":[{"id":11436,"href":"https:\/\/robia-boeden.at\/en\/wp-json\/wp\/v2\/pages\/3070\/revisions\/11436"}],"wp:attachment":[{"href":"https:\/\/robia-boeden.at\/en\/wp-json\/wp\/v2\/media?parent=3070"}],"curies":[{"name":"wp","href":"https:\/\/api.w.org\/{rel}","templated":true}]}}